{"id":807,"date":"2017-09-05T14:55:32","date_gmt":"2017-09-05T12:55:32","guid":{"rendered":"https:\/\/projekt.lindenhof-montan.it\/veranstaltungen\/"},"modified":"2024-10-03T08:25:05","modified_gmt":"2024-10-03T06:25:05","slug":"eventi","status":"publish","type":"page","link":"https:\/\/www.lindenhof-montan.it\/it\/eventi\/","title":{"rendered":"Eventi"},"content":{"rendered":"","protected":false},"excerpt":{"rendered":"","protected":false},"author":1,"featured_media":0,"parent":0,"menu_order":9,"comment_status":"closed","ping_status":"closed","template":"template-veranstaltungen.php","meta":{"_acf_changed":false,"footnotes":""},"class_list":["post-807","page","type-page","status-publish","hentry"],"acf":[],"yoast_head":"<!-- This site is optimized with the Yoast SEO plugin v23.6 - https:\/\/yoast.com\/wordpress\/plugins\/seo\/ -->\n<title>Erfahren Sie mehr \u00fcber Veranstaltungen rund um Montan<\/title>\n<meta name=\"description\" content=\"Erfahren Sie mehr \u00fcber die aktuellen Veranstaltungen und Freizeitaktivit\u00e4ten im Lindenhof Montan. Erleben Sie unvergessliche Momente w\u00e4hrend Ihres Aufenthalts. Buchen Sie jetzt!\" \/>\n<meta name=\"robots\" content=\"index, follow, max-snippet:-1, max-image-preview:large, max-video-preview:-1\" \/>\n<link rel=\"canonical\" href=\"https:\/\/www.lindenhof-montan.it\/it\/eventi\/\" \/>\n<script type=\"application\/ld+json\" class=\"yoast-schema-graph\">{\"@context\":\"https:\/\/schema.org\",\"@graph\":[{\"@type\":\"WebPage\",\"@id\":\"https:\/\/www.lindenhof-montan.it\/it\/eventi\/\",\"url\":\"https:\/\/www.lindenhof-montan.it\/it\/eventi\/\",\"name\":\"Erfahren Sie mehr \u00fcber Veranstaltungen rund um Montan\",\"isPartOf\":{\"@id\":\"https:\/\/www.lindenhof-montan.it\/#website\"},\"datePublished\":\"2017-09-05T12:55:32+00:00\",\"dateModified\":\"2024-10-03T06:25:05+00:00\",\"description\":\"Erfahren Sie mehr \u00fcber die aktuellen Veranstaltungen und Freizeitaktivit\u00e4ten im Lindenhof Montan. Erleben Sie unvergessliche Momente w\u00e4hrend Ihres Aufenthalts. Buchen Sie jetzt!\",\"breadcrumb\":{\"@id\":\"https:\/\/www.lindenhof-montan.it\/it\/eventi\/#breadcrumb\"},\"inLanguage\":\"it-IT\",\"potentialAction\":[{\"@type\":\"ReadAction\",\"target\":[\"https:\/\/www.lindenhof-montan.it\/it\/eventi\/\"]}]},{\"@type\":\"BreadcrumbList\",\"@id\":\"https:\/\/www.lindenhof-montan.it\/it\/eventi\/#breadcrumb\",\"itemListElement\":[{\"@type\":\"ListItem\",\"position\":1,\"name\":\"Startseite\",\"item\":\"https:\/\/www.lindenhof-montan.it\/it\/\"},{\"@type\":\"ListItem\",\"position\":2,\"name\":\"Eventi\"}]},{\"@type\":\"WebSite\",\"@id\":\"https:\/\/www.lindenhof-montan.it\/#website\",\"url\":\"https:\/\/www.lindenhof-montan.it\/\",\"name\":\"Lindenhof Montan\",\"description\":\"Urlaub in S\u00fcdtirol\",\"potentialAction\":[{\"@type\":\"SearchAction\",\"target\":{\"@type\":\"EntryPoint\",\"urlTemplate\":\"https:\/\/www.lindenhof-montan.it\/?s={search_term_string}\"},\"query-input\":{\"@type\":\"PropertyValueSpecification\",\"valueRequired\":true,\"valueName\":\"search_term_string\"}}],\"inLanguage\":\"it-IT\"}]}<\/script>\n<!-- \/ Yoast SEO plugin. -->","yoast_head_json":{"title":"Erfahren Sie mehr \u00fcber Veranstaltungen rund um Montan","description":"Erfahren Sie mehr \u00fcber die aktuellen Veranstaltungen und Freizeitaktivit\u00e4ten im Lindenhof Montan. Erleben Sie unvergessliche Momente w\u00e4hrend Ihres Aufenthalts. Buchen Sie jetzt!","robots":{"index":"index","follow":"follow","max-snippet":"max-snippet:-1","max-image-preview":"max-image-preview:large","max-video-preview":"max-video-preview:-1"},"canonical":"https:\/\/www.lindenhof-montan.it\/it\/eventi\/","schema":{"@context":"https:\/\/schema.org","@graph":[{"@type":"WebPage","@id":"https:\/\/www.lindenhof-montan.it\/it\/eventi\/","url":"https:\/\/www.lindenhof-montan.it\/it\/eventi\/","name":"Erfahren Sie mehr \u00fcber Veranstaltungen rund um Montan","isPartOf":{"@id":"https:\/\/www.lindenhof-montan.it\/#website"},"datePublished":"2017-09-05T12:55:32+00:00","dateModified":"2024-10-03T06:25:05+00:00","description":"Erfahren Sie mehr \u00fcber die aktuellen Veranstaltungen und Freizeitaktivit\u00e4ten im Lindenhof Montan. Erleben Sie unvergessliche Momente w\u00e4hrend Ihres Aufenthalts. Buchen Sie jetzt!","breadcrumb":{"@id":"https:\/\/www.lindenhof-montan.it\/it\/eventi\/#breadcrumb"},"inLanguage":"it-IT","potentialAction":[{"@type":"ReadAction","target":["https:\/\/www.lindenhof-montan.it\/it\/eventi\/"]}]},{"@type":"BreadcrumbList","@id":"https:\/\/www.lindenhof-montan.it\/it\/eventi\/#breadcrumb","itemListElement":[{"@type":"ListItem","position":1,"name":"Startseite","item":"https:\/\/www.lindenhof-montan.it\/it\/"},{"@type":"ListItem","position":2,"name":"Eventi"}]},{"@type":"WebSite","@id":"https:\/\/www.lindenhof-montan.it\/#website","url":"https:\/\/www.lindenhof-montan.it\/","name":"Lindenhof Montan","description":"Urlaub in S\u00fcdtirol","potentialAction":[{"@type":"SearchAction","target":{"@type":"EntryPoint","urlTemplate":"https:\/\/www.lindenhof-montan.it\/?s={search_term_string}"},"query-input":{"@type":"PropertyValueSpecification","valueRequired":true,"valueName":"search_term_string"}}],"inLanguage":"it-IT"}]}},"jetpack_sharing_enabled":true,"jetpack_shortlink":"https:\/\/wp.me\/PfyE8B-d1","_links":{"self":[{"href":"https:\/\/www.lindenhof-montan.it\/it\/wp-json\/wp\/v2\/pages\/807"}],"collection":[{"href":"https:\/\/www.lindenhof-montan.it\/it\/wp-json\/wp\/v2\/pages"}],"about":[{"href":"https:\/\/www.lindenhof-montan.it\/it\/wp-json\/wp\/v2\/types\/page"}],"author":[{"embeddable":true,"href":"https:\/\/www.lindenhof-montan.it\/it\/wp-json\/wp\/v2\/users\/1"}],"replies":[{"embeddable":true,"href":"https:\/\/www.lindenhof-montan.it\/it\/wp-json\/wp\/v2\/comments?post=807"}],"version-history":[{"count":4,"href":"https:\/\/www.lindenhof-montan.it\/it\/wp-json\/wp\/v2\/pages\/807\/revisions"}],"predecessor-version":[{"id":1470,"href":"https:\/\/www.lindenhof-montan.it\/it\/wp-json\/wp\/v2\/pages\/807\/revisions\/1470"}],"wp:attachment":[{"href":"https:\/\/www.lindenhof-montan.it\/it\/wp-json\/wp\/v2\/media?parent=807"}],"curies":[{"name":"wp","href":"https:\/\/api.w.org\/{rel}","templated":true}]}}