{"id":797,"date":"2017-08-30T11:00:35","date_gmt":"2017-08-30T09:00:35","guid":{"rendered":"https:\/\/projekt.lindenhof-montan.it\/eindruecke\/"},"modified":"2024-10-03T08:25:21","modified_gmt":"2024-10-03T06:25:21","slug":"impressioni","status":"publish","type":"page","link":"https:\/\/www.lindenhof-montan.it\/it\/impressioni\/","title":{"rendered":"Impressioni"},"content":{"rendered":"","protected":false},"excerpt":{"rendered":"","protected":false},"author":1,"featured_media":0,"parent":0,"menu_order":4,"comment_status":"closed","ping_status":"closed","template":"template-unterseiten.php","meta":{"_acf_changed":false,"footnotes":""},"class_list":["post-797","page","type-page","status-publish","hentry"],"acf":[],"yoast_head":"<!-- This site is optimized with the Yoast SEO plugin v23.6 - https:\/\/yoast.com\/wordpress\/plugins\/seo\/ -->\n<title>Entdecken Sie die Sch\u00f6nheit des Lindenhofs Montan<\/title>\n<meta name=\"description\" content=\"Erhalten Sie einen Einblick in die Sch\u00f6nheit und den Charme des Lindenhofs Montan. Durchst\u00f6bern Sie unsere Galerie und lassen Sie sich von der einzigartigen Atmosph\u00e4re unserer Unterk\u00fcnfte und der umliegenden Landschaft verzaubern.\" \/>\n<meta name=\"robots\" content=\"index, follow, max-snippet:-1, max-image-preview:large, max-video-preview:-1\" \/>\n<link rel=\"canonical\" href=\"https:\/\/www.lindenhof-montan.it\/it\/impressioni\/\" \/>\n<script type=\"application\/ld+json\" class=\"yoast-schema-graph\">{\"@context\":\"https:\/\/schema.org\",\"@graph\":[{\"@type\":\"WebPage\",\"@id\":\"https:\/\/www.lindenhof-montan.it\/it\/impressioni\/\",\"url\":\"https:\/\/www.lindenhof-montan.it\/it\/impressioni\/\",\"name\":\"Entdecken Sie die Sch\u00f6nheit des Lindenhofs Montan\",\"isPartOf\":{\"@id\":\"https:\/\/www.lindenhof-montan.it\/#website\"},\"datePublished\":\"2017-08-30T09:00:35+00:00\",\"dateModified\":\"2024-10-03T06:25:21+00:00\",\"description\":\"Erhalten Sie einen Einblick in die Sch\u00f6nheit und den Charme des Lindenhofs Montan. Durchst\u00f6bern Sie unsere Galerie und lassen Sie sich von der einzigartigen Atmosph\u00e4re unserer Unterk\u00fcnfte und der umliegenden Landschaft verzaubern.\",\"breadcrumb\":{\"@id\":\"https:\/\/www.lindenhof-montan.it\/it\/impressioni\/#breadcrumb\"},\"inLanguage\":\"it-IT\",\"potentialAction\":[{\"@type\":\"ReadAction\",\"target\":[\"https:\/\/www.lindenhof-montan.it\/it\/impressioni\/\"]}]},{\"@type\":\"BreadcrumbList\",\"@id\":\"https:\/\/www.lindenhof-montan.it\/it\/impressioni\/#breadcrumb\",\"itemListElement\":[{\"@type\":\"ListItem\",\"position\":1,\"name\":\"Startseite\",\"item\":\"https:\/\/www.lindenhof-montan.it\/it\/\"},{\"@type\":\"ListItem\",\"position\":2,\"name\":\"Impressioni\"}]},{\"@type\":\"WebSite\",\"@id\":\"https:\/\/www.lindenhof-montan.it\/#website\",\"url\":\"https:\/\/www.lindenhof-montan.it\/\",\"name\":\"Lindenhof Montan\",\"description\":\"Urlaub in S\u00fcdtirol\",\"potentialAction\":[{\"@type\":\"SearchAction\",\"target\":{\"@type\":\"EntryPoint\",\"urlTemplate\":\"https:\/\/www.lindenhof-montan.it\/?s={search_term_string}\"},\"query-input\":{\"@type\":\"PropertyValueSpecification\",\"valueRequired\":true,\"valueName\":\"search_term_string\"}}],\"inLanguage\":\"it-IT\"}]}<\/script>\n<!-- \/ Yoast SEO plugin. -->","yoast_head_json":{"title":"Entdecken Sie die Sch\u00f6nheit des Lindenhofs Montan","description":"Erhalten Sie einen Einblick in die Sch\u00f6nheit und den Charme des Lindenhofs Montan. Durchst\u00f6bern Sie unsere Galerie und lassen Sie sich von der einzigartigen Atmosph\u00e4re unserer Unterk\u00fcnfte und der umliegenden Landschaft verzaubern.","robots":{"index":"index","follow":"follow","max-snippet":"max-snippet:-1","max-image-preview":"max-image-preview:large","max-video-preview":"max-video-preview:-1"},"canonical":"https:\/\/www.lindenhof-montan.it\/it\/impressioni\/","schema":{"@context":"https:\/\/schema.org","@graph":[{"@type":"WebPage","@id":"https:\/\/www.lindenhof-montan.it\/it\/impressioni\/","url":"https:\/\/www.lindenhof-montan.it\/it\/impressioni\/","name":"Entdecken Sie die Sch\u00f6nheit des Lindenhofs Montan","isPartOf":{"@id":"https:\/\/www.lindenhof-montan.it\/#website"},"datePublished":"2017-08-30T09:00:35+00:00","dateModified":"2024-10-03T06:25:21+00:00","description":"Erhalten Sie einen Einblick in die Sch\u00f6nheit und den Charme des Lindenhofs Montan. Durchst\u00f6bern Sie unsere Galerie und lassen Sie sich von der einzigartigen Atmosph\u00e4re unserer Unterk\u00fcnfte und der umliegenden Landschaft verzaubern.","breadcrumb":{"@id":"https:\/\/www.lindenhof-montan.it\/it\/impressioni\/#breadcrumb"},"inLanguage":"it-IT","potentialAction":[{"@type":"ReadAction","target":["https:\/\/www.lindenhof-montan.it\/it\/impressioni\/"]}]},{"@type":"BreadcrumbList","@id":"https:\/\/www.lindenhof-montan.it\/it\/impressioni\/#breadcrumb","itemListElement":[{"@type":"ListItem","position":1,"name":"Startseite","item":"https:\/\/www.lindenhof-montan.it\/it\/"},{"@type":"ListItem","position":2,"name":"Impressioni"}]},{"@type":"WebSite","@id":"https:\/\/www.lindenhof-montan.it\/#website","url":"https:\/\/www.lindenhof-montan.it\/","name":"Lindenhof Montan","description":"Urlaub in S\u00fcdtirol","potentialAction":[{"@type":"SearchAction","target":{"@type":"EntryPoint","urlTemplate":"https:\/\/www.lindenhof-montan.it\/?s={search_term_string}"},"query-input":{"@type":"PropertyValueSpecification","valueRequired":true,"valueName":"search_term_string"}}],"inLanguage":"it-IT"}]}},"jetpack_sharing_enabled":true,"jetpack_shortlink":"https:\/\/wp.me\/PfyE8B-cR","_links":{"self":[{"href":"https:\/\/www.lindenhof-montan.it\/it\/wp-json\/wp\/v2\/pages\/797"}],"collection":[{"href":"https:\/\/www.lindenhof-montan.it\/it\/wp-json\/wp\/v2\/pages"}],"about":[{"href":"https:\/\/www.lindenhof-montan.it\/it\/wp-json\/wp\/v2\/types\/page"}],"author":[{"embeddable":true,"href":"https:\/\/www.lindenhof-montan.it\/it\/wp-json\/wp\/v2\/users\/1"}],"replies":[{"embeddable":true,"href":"https:\/\/www.lindenhof-montan.it\/it\/wp-json\/wp\/v2\/comments?post=797"}],"version-history":[{"count":5,"href":"https:\/\/www.lindenhof-montan.it\/it\/wp-json\/wp\/v2\/pages\/797\/revisions"}],"predecessor-version":[{"id":1471,"href":"https:\/\/www.lindenhof-montan.it\/it\/wp-json\/wp\/v2\/pages\/797\/revisions\/1471"}],"wp:attachment":[{"href":"https:\/\/www.lindenhof-montan.it\/it\/wp-json\/wp\/v2\/media?parent=797"}],"curies":[{"name":"wp","href":"https:\/\/api.w.org\/{rel}","templated":true}]}}